{"id":502,"date":"2020-10-09T12:24:24","date_gmt":"2020-10-09T12:24:24","guid":{"rendered":"https:\/\/grupotransatlantica.com\/?page_id=502"},"modified":"2025-07-24T14:52:28","modified_gmt":"2025-07-24T17:52:28","slug":"complejo-educativo-bicultural-edmondo-de-amicis","status":"publish","type":"page","link":"https:\/\/grupotransatlantica.com\/en\/complejo-educativo-bicultural-edmondo-de-amicis\/","title":{"rendered":"Edmondo De Amicis"},"content":{"rendered":"<div data-elementor-type=\"wp-page\" data-elementor-id=\"502\" class=\"elementor elementor-502\" data-elementor-post-type=\"page\">\n\t\t\t\t\t\t<section class=\"elementor-section elementor-top-section elementor-element elementor-element-76b44526 elementor-section-height-min-height elementor-section-full_width elementor-section-height-default elementor-section-items-middle\" data-id=\"76b44526\" data-element_type=\"section\" data-e-type=\"section\" data-settings=\"{&quot;background_background&quot;:&quot;classic&quot;}\">\n\t\t\t\t\t\t\t<div class=\"elementor-background-overlay\"><\/div>\n\t\t\t\t\t\t\t<div class=\"elementor-container elementor-column-gap-no\">\n\t\t\t\t\t<div class=\"elementor-column elementor-col-100 elementor-top-column elementor-element elementor-element-2298f26b\" data-id=\"2298f26b\" data-element_type=\"column\" data-e-type=\"column\">\n\t\t\t<div class=\"elementor-widget-wrap elementor-element-populated\">\n\t\t\t\t\t\t<div class=\"elementor-element elementor-element-6f1cd470 elementor-absolute elementor-widget elementor-widget-image\" data-id=\"6f1cd470\" data-element_type=\"widget\" data-e-type=\"widget\" data-settings=\"{&quot;_position&quot;:&quot;absolute&quot;}\" data-widget_type=\"image.default\">\n\t\t\t\t<div class=\"elementor-widget-container\">\n\t\t\t\t\t\t\t\t\t\t\t\t\t\t\t<img fetchpriority=\"high\" decoding=\"async\" width=\"1480\" height=\"1042\" src=\"https:\/\/grupotransatlantica.com\/wp-content\/uploads\/2020\/09\/elemtos_banner.png\" class=\"attachment-full size-full wp-image-27\" alt=\"\" srcset=\"https:\/\/grupotransatlantica.com\/wp-content\/uploads\/2020\/09\/elemtos_banner.png 1480w, https:\/\/grupotransatlantica.com\/wp-content\/uploads\/2020\/09\/elemtos_banner-300x211.png 300w, https:\/\/grupotransatlantica.com\/wp-content\/uploads\/2020\/09\/elemtos_banner-1024x721.png 1024w, https:\/\/grupotransatlantica.com\/wp-content\/uploads\/2020\/09\/elemtos_banner-768x541.png 768w\" sizes=\"(max-width: 1480px) 100vw, 1480px\" title=\"\">\t\t\t\t\t\t\t\t\t\t\t\t\t\t\t<\/div>\n\t\t\t\t<\/div>\n\t\t\t\t\t<\/div>\n\t\t<\/div>\n\t\t\t\t\t<\/div>\n\t\t<\/section>\n\t\t\t\t<section class=\"elementor-section elementor-top-section elementor-element elementor-element-78d8e527 elementor-section-boxed elementor-section-height-default elementor-section-height-default\" data-id=\"78d8e527\" data-element_type=\"section\" data-e-type=\"section\">\n\t\t\t\t\t\t<div class=\"elementor-container elementor-column-gap-default\">\n\t\t\t\t\t<div class=\"elementor-column elementor-col-100 elementor-top-column elementor-element elementor-element-4fd123ff\" data-id=\"4fd123ff\" data-element_type=\"column\" data-e-type=\"column\">\n\t\t\t<div class=\"elementor-widget-wrap elementor-element-populated\">\n\t\t\t\t\t\t<div class=\"elementor-element elementor-element-446d8dd2 elementor-widget elementor-widget-image\" data-id=\"446d8dd2\" data-element_type=\"widget\" data-e-type=\"widget\" data-widget_type=\"image.default\">\n\t\t\t\t<div class=\"elementor-widget-container\">\n\t\t\t\t\t\t\t\t\t\t\t\t\t\t\t<img decoding=\"async\" width=\"1534\" height=\"620\" src=\"https:\/\/grupotransatlantica.com\/wp-content\/uploads\/2025\/07\/edmondo-am.jpg\" class=\"attachment-full size-full wp-image-5228\" alt=\"\" srcset=\"https:\/\/grupotransatlantica.com\/wp-content\/uploads\/2025\/07\/edmondo-am.jpg 1534w, https:\/\/grupotransatlantica.com\/wp-content\/uploads\/2025\/07\/edmondo-am-300x121.jpg 300w, https:\/\/grupotransatlantica.com\/wp-content\/uploads\/2025\/07\/edmondo-am-1024x414.jpg 1024w, https:\/\/grupotransatlantica.com\/wp-content\/uploads\/2025\/07\/edmondo-am-768x310.jpg 768w, https:\/\/grupotransatlantica.com\/wp-content\/uploads\/2025\/07\/edmondo-am-18x7.jpg 18w\" sizes=\"(max-width: 1534px) 100vw, 1534px\" title=\"\">\t\t\t\t\t\t\t\t\t\t\t\t\t\t\t<\/div>\n\t\t\t\t<\/div>\n\t\t\t\t\t<\/div>\n\t\t<\/div>\n\t\t\t\t\t<\/div>\n\t\t<\/section>\n\t\t\t\t<section class=\"elementor-section elementor-top-section elementor-element elementor-element-3c20289d elementor-section-boxed elementor-section-height-default elementor-section-height-default\" data-id=\"3c20289d\" data-element_type=\"section\" data-e-type=\"section\">\n\t\t\t\t\t\t<div class=\"elementor-container elementor-column-gap-no\">\n\t\t\t\t\t<div class=\"elementor-column elementor-col-50 elementor-top-column elementor-element elementor-element-7a59c1ea\" data-id=\"7a59c1ea\" data-element_type=\"column\" data-e-type=\"column\">\n\t\t\t<div class=\"elementor-widget-wrap elementor-element-populated\">\n\t\t\t\t\t\t<div class=\"elementor-element elementor-element-5063b56a elementor-widget elementor-widget-text-editor\" data-id=\"5063b56a\" data-element_type=\"widget\" data-e-type=\"widget\" data-widget_type=\"text-editor.default\">\n\t\t\t\t<div class=\"elementor-widget-container\">\n\t\t\t\t\t\t\t\t\t<p>The <strong>Bicultural Education Complex Edmondo De Amicis<\/strong> is an innovative space in the city of Rosario that offers initial, primary, and secondary education.<\/p><p>The quality of the educational project and the intensive teaching of the English and Italian languages, with the possibility of having access to international exams, together with didactic visits and talks by different specialists, complement the project, which aims to offer a quality education in a distinct way.<\/p>\t\t\t\t\t\t\t\t<\/div>\n\t\t\t\t<\/div>\n\t\t\t\t<div class=\"elementor-element elementor-element-4f31f0a0 elementor-widget elementor-widget-text-editor\" data-id=\"4f31f0a0\" data-element_type=\"widget\" data-e-type=\"widget\" data-widget_type=\"text-editor.default\">\n\t\t\t\t<div class=\"elementor-widget-container\">\n\t\t\t\t\t\t\t\t\t<p>info@edmondodeamicis.org<br \/><a href=\"http:\/\/www.edmondodeamicis.org.ar\/\" target=\"_blank\" rel=\"noopener\"><strong>edmondodeamicis<\/strong>.org.ar<\/a><\/p><p>\u00a0<\/p>\t\t\t\t\t\t\t\t<\/div>\n\t\t\t\t<\/div>\n\t\t\t\t\t<\/div>\n\t\t<\/div>\n\t\t\t\t<div class=\"elementor-column elementor-col-50 elementor-top-column elementor-element elementor-element-36360d9f\" data-id=\"36360d9f\" data-element_type=\"column\" data-e-type=\"column\">\n\t\t\t<div class=\"elementor-widget-wrap elementor-element-populated\">\n\t\t\t\t\t\t<div class=\"elementor-element elementor-element-5998ee6e elementor-widget elementor-widget-image\" data-id=\"5998ee6e\" data-element_type=\"widget\" data-e-type=\"widget\" data-widget_type=\"image.default\">\n\t\t\t\t<div class=\"elementor-widget-container\">\n\t\t\t\t\t\t\t\t\t\t\t\t\t\t\t<img decoding=\"async\" width=\"183\" height=\"81\" src=\"https:\/\/spcdn.shortpixel.ai\/spio\/ret_img,q_cdnize,to_webp,s_webp\/grupotransatlantica.com\/wp-content\/uploads\/2020\/10\/edmondo.png\" class=\"attachment-large size-large wp-image-506\" alt=\"\" title=\"\">\t\t\t\t\t\t\t\t\t\t\t\t\t\t\t<\/div>\n\t\t\t\t<\/div>\n\t\t\t\t<section class=\"elementor-section elementor-inner-section elementor-element elementor-element-3fba488 elementor-section-boxed elementor-section-height-default elementor-section-height-default\" data-id=\"3fba488\" data-element_type=\"section\" data-e-type=\"section\">\n\t\t\t\t\t\t<div class=\"elementor-container elementor-column-gap-no\">\n\t\t\t\t\t<div class=\"elementor-column elementor-col-100 elementor-inner-column elementor-element elementor-element-6efd9166\" data-id=\"6efd9166\" data-element_type=\"column\" data-e-type=\"column\">\n\t\t\t<div class=\"elementor-widget-wrap elementor-element-populated\">\n\t\t\t\t\t\t<div class=\"elementor-element elementor-element-2c202bbe elementor-widget elementor-widget-text-editor\" data-id=\"2c202bbe\" data-element_type=\"widget\" data-e-type=\"widget\" data-widget_type=\"text-editor.default\">\n\t\t\t\t<div class=\"elementor-widget-container\">\n\t\t\t\t\t\t\t\t\tINITIAL\t\t\t\t\t\t\t\t<\/div>\n\t\t\t\t<\/div>\n\t\t\t\t<div class=\"elementor-element elementor-element-6f57ca9f elementor-widget elementor-widget-text-editor\" data-id=\"6f57ca9f\" data-element_type=\"widget\" data-e-type=\"widget\" data-widget_type=\"text-editor.default\">\n\t\t\t\t<div class=\"elementor-widget-container\">\n\t\t\t\t\t\t\t\t\t<p>Santiago 1342<br \/>Tel:(0341) 449-2837<\/p>\t\t\t\t\t\t\t\t<\/div>\n\t\t\t\t<\/div>\n\t\t\t\t\t<\/div>\n\t\t<\/div>\n\t\t\t\t\t<\/div>\n\t\t<\/section>\n\t\t\t\t<section class=\"elementor-section elementor-inner-section elementor-element elementor-element-36efab5 elementor-section-boxed elementor-section-height-default elementor-section-height-default\" data-id=\"36efab5\" data-element_type=\"section\" data-e-type=\"section\">\n\t\t\t\t\t\t<div class=\"elementor-container elementor-column-gap-no\">\n\t\t\t\t\t<div class=\"elementor-column elementor-col-100 elementor-inner-column elementor-element elementor-element-28772760\" data-id=\"28772760\" data-element_type=\"column\" data-e-type=\"column\">\n\t\t\t<div class=\"elementor-widget-wrap elementor-element-populated\">\n\t\t\t\t\t\t<div class=\"elementor-element elementor-element-7bad7932 elementor-widget elementor-widget-text-editor\" data-id=\"7bad7932\" data-element_type=\"widget\" data-e-type=\"widget\" data-widget_type=\"text-editor.default\">\n\t\t\t\t<div class=\"elementor-widget-container\">\n\t\t\t\t\t\t\t\t\tPRIMARY\t\t\t\t\t\t\t\t<\/div>\n\t\t\t\t<\/div>\n\t\t\t\t<div class=\"elementor-element elementor-element-37662d62 elementor-widget elementor-widget-text-editor\" data-id=\"37662d62\" data-element_type=\"widget\" data-e-type=\"widget\" data-widget_type=\"text-editor.default\">\n\t\t\t\t<div class=\"elementor-widget-container\">\n\t\t\t\t\t\t\t\t\t<p>Santiago 1365<br>Tel: (0341) 426-4999\/ 4218350<\/p>\t\t\t\t\t\t\t\t<\/div>\n\t\t\t\t<\/div>\n\t\t\t\t\t<\/div>\n\t\t<\/div>\n\t\t\t\t\t<\/div>\n\t\t<\/section>\n\t\t\t\t<section class=\"elementor-section elementor-inner-section elementor-element elementor-element-4415c3ac elementor-section-boxed elementor-section-height-default elementor-section-height-default\" data-id=\"4415c3ac\" data-element_type=\"section\" data-e-type=\"section\">\n\t\t\t\t\t\t<div class=\"elementor-container elementor-column-gap-no\">\n\t\t\t\t\t<div class=\"elementor-column elementor-col-100 elementor-inner-column elementor-element elementor-element-3874722\" data-id=\"3874722\" data-element_type=\"column\" data-e-type=\"column\">\n\t\t\t<div class=\"elementor-widget-wrap elementor-element-populated\">\n\t\t\t\t\t\t<div class=\"elementor-element elementor-element-47a20e5 elementor-widget elementor-widget-text-editor\" data-id=\"47a20e5\" data-element_type=\"widget\" data-e-type=\"widget\" data-widget_type=\"text-editor.default\">\n\t\t\t\t<div class=\"elementor-widget-container\">\n\t\t\t\t\t\t\t\t\tSECONDARY\t\t\t\t\t\t\t\t<\/div>\n\t\t\t\t<\/div>\n\t\t\t\t<div class=\"elementor-element elementor-element-428944e4 elementor-widget elementor-widget-text-editor\" data-id=\"428944e4\" data-element_type=\"widget\" data-e-type=\"widget\" data-widget_type=\"text-editor.default\">\n\t\t\t\t<div class=\"elementor-widget-container\">\n\t\t\t\t\t\t\t\t\t<p>Santiago 1141<br>Tel:(0341) 426-4391<\/p>\t\t\t\t\t\t\t\t<\/div>\n\t\t\t\t<\/div>\n\t\t\t\t\t<\/div>\n\t\t<\/div>\n\t\t\t\t\t<\/div>\n\t\t<\/section>\n\t\t\t\t\t<\/div>\n\t\t<\/div>\n\t\t\t\t\t<\/div>\n\t\t<\/section>\n\t\t\t\t<\/div>","protected":false},"excerpt":{"rendered":"<p>El Complejo Educativo Bicultural Edmondo De Amicis es un espacio innovador en la ciudad de Rosario que abarca los niveles de Educaci\u00f3n Inicial, Primario y Secundario. La calidad del proyecto educativo del Complejo, la ense\u0144anza intensiva de los idiomas Ingl\u00e9s e Italiano y la posibilidad de acceder a ex\u00e1menes internacionales, junto con el dictado de [&hellip;]<\/p>\n","protected":false},"author":3,"featured_media":0,"parent":0,"menu_order":0,"comment_status":"closed","ping_status":"closed","template":"","meta":{"footnotes":"","_links_to":"","_links_to_target":""},"class_list":["post-502","page","type-page","status-publish","hentry"],"_links":{"self":[{"href":"https:\/\/grupotransatlantica.com\/en\/wp-json\/wp\/v2\/pages\/502","targetHints":{"allow":["GET"]}}],"collection":[{"href":"https:\/\/grupotransatlantica.com\/en\/wp-json\/wp\/v2\/pages"}],"about":[{"href":"https:\/\/grupotransatlantica.com\/en\/wp-json\/wp\/v2\/types\/page"}],"author":[{"embeddable":true,"href":"https:\/\/grupotransatlantica.com\/en\/wp-json\/wp\/v2\/users\/3"}],"replies":[{"embeddable":true,"href":"https:\/\/grupotransatlantica.com\/en\/wp-json\/wp\/v2\/comments?post=502"}],"version-history":[{"count":3,"href":"https:\/\/grupotransatlantica.com\/en\/wp-json\/wp\/v2\/pages\/502\/revisions"}],"predecessor-version":[{"id":5231,"href":"https:\/\/grupotransatlantica.com\/en\/wp-json\/wp\/v2\/pages\/502\/revisions\/5231"}],"wp:attachment":[{"href":"https:\/\/grupotransatlantica.com\/en\/wp-json\/wp\/v2\/media?parent=502"}],"curies":[{"name":"wp","href":"https:\/\/api.w.org\/{rel}","templated":true}]}}