{"id":476,"date":"2020-10-09T11:36:40","date_gmt":"2020-10-09T11:36:40","guid":{"rendered":"https:\/\/grupotransatlantica.com\/?page_id=476"},"modified":"2026-02-19T14:30:10","modified_gmt":"2026-02-19T17:30:10","slug":"transatlantica-desarrollos","status":"publish","type":"page","link":"https:\/\/grupotransatlantica.com\/en\/transatlantica-desarrollos\/","title":{"rendered":"TSA Desarrollos"},"content":{"rendered":"<div data-elementor-type=\"wp-page\" data-elementor-id=\"476\" class=\"elementor elementor-476\" data-elementor-post-type=\"page\">\n\t\t\t\t\t\t<section class=\"elementor-section elementor-top-section elementor-element elementor-element-1bebd69e elementor-section-height-min-height elementor-section-full_width elementor-section-height-default elementor-section-items-middle\" data-id=\"1bebd69e\" data-element_type=\"section\" data-e-type=\"section\" data-settings=\"{&quot;background_background&quot;:&quot;classic&quot;}\">\n\t\t\t\t\t\t\t<div class=\"elementor-background-overlay\"><\/div>\n\t\t\t\t\t\t\t<div class=\"elementor-container elementor-column-gap-no\">\n\t\t\t\t\t<div class=\"elementor-column elementor-col-100 elementor-top-column elementor-element elementor-element-523d21da\" data-id=\"523d21da\" data-element_type=\"column\" data-e-type=\"column\">\n\t\t\t<div class=\"elementor-widget-wrap elementor-element-populated\">\n\t\t\t\t\t\t<div class=\"elementor-element elementor-element-56b42dc1 elementor-absolute elementor-widget elementor-widget-image\" data-id=\"56b42dc1\" data-element_type=\"widget\" data-e-type=\"widget\" data-settings=\"{&quot;_position&quot;:&quot;absolute&quot;}\" data-widget_type=\"image.default\">\n\t\t\t\t<div class=\"elementor-widget-container\">\n\t\t\t\t\t\t\t\t\t\t\t\t\t\t\t<img fetchpriority=\"high\" decoding=\"async\" width=\"1480\" height=\"1042\" src=\"https:\/\/grupotransatlantica.com\/wp-content\/uploads\/2020\/09\/elemtos_banner.png\" class=\"attachment-full size-full wp-image-27\" alt=\"\" srcset=\"https:\/\/grupotransatlantica.com\/wp-content\/uploads\/2020\/09\/elemtos_banner.png 1480w, https:\/\/grupotransatlantica.com\/wp-content\/uploads\/2020\/09\/elemtos_banner-300x211.png 300w, https:\/\/grupotransatlantica.com\/wp-content\/uploads\/2020\/09\/elemtos_banner-1024x721.png 1024w, https:\/\/grupotransatlantica.com\/wp-content\/uploads\/2020\/09\/elemtos_banner-768x541.png 768w\" sizes=\"(max-width: 1480px) 100vw, 1480px\" title=\"\">\t\t\t\t\t\t\t\t\t\t\t\t\t\t\t<\/div>\n\t\t\t\t<\/div>\n\t\t\t\t\t<\/div>\n\t\t<\/div>\n\t\t\t\t\t<\/div>\n\t\t<\/section>\n\t\t\t\t<section class=\"elementor-section elementor-top-section elementor-element elementor-element-7dcc920f elementor-section-boxed elementor-section-height-default elementor-section-height-default\" data-id=\"7dcc920f\" data-element_type=\"section\" data-e-type=\"section\">\n\t\t\t\t\t\t<div class=\"elementor-container elementor-column-gap-default\">\n\t\t\t\t\t<div class=\"elementor-column elementor-col-100 elementor-top-column elementor-element elementor-element-51934333\" data-id=\"51934333\" data-element_type=\"column\" data-e-type=\"column\">\n\t\t\t<div class=\"elementor-widget-wrap elementor-element-populated\">\n\t\t\t\t\t\t<div class=\"elementor-element elementor-element-1bf59466 elementor-widget elementor-widget-image\" data-id=\"1bf59466\" data-element_type=\"widget\" data-e-type=\"widget\" data-widget_type=\"image.default\">\n\t\t\t\t<div class=\"elementor-widget-container\">\n\t\t\t\t\t\t\t\t\t\t\t\t\t\t\t<img decoding=\"async\" width=\"1534\" height=\"620\" src=\"https:\/\/grupotransatlantica.com\/wp-content\/uploads\/2020\/10\/dpn.jpg\" class=\"attachment-full size-full wp-image-546\" alt=\"\" srcset=\"https:\/\/grupotransatlantica.com\/wp-content\/uploads\/2020\/10\/dpn.jpg 1534w, https:\/\/grupotransatlantica.com\/wp-content\/uploads\/2020\/10\/dpn-300x121.jpg 300w, https:\/\/grupotransatlantica.com\/wp-content\/uploads\/2020\/10\/dpn-1024x414.jpg 1024w, https:\/\/grupotransatlantica.com\/wp-content\/uploads\/2020\/10\/dpn-768x310.jpg 768w\" sizes=\"(max-width: 1534px) 100vw, 1534px\" title=\"\">\t\t\t\t\t\t\t\t\t\t\t\t\t\t\t<\/div>\n\t\t\t\t<\/div>\n\t\t\t\t\t<\/div>\n\t\t<\/div>\n\t\t\t\t\t<\/div>\n\t\t<\/section>\n\t\t\t\t<section class=\"elementor-section elementor-top-section elementor-element elementor-element-4bcbe6c7 elementor-section-boxed elementor-section-height-default elementor-section-height-default\" data-id=\"4bcbe6c7\" data-element_type=\"section\" data-e-type=\"section\">\n\t\t\t\t\t\t<div class=\"elementor-container elementor-column-gap-no\">\n\t\t\t\t\t<div class=\"elementor-column elementor-col-50 elementor-top-column elementor-element elementor-element-1fa581f3\" data-id=\"1fa581f3\" data-element_type=\"column\" data-e-type=\"column\">\n\t\t\t<div class=\"elementor-widget-wrap elementor-element-populated\">\n\t\t\t\t\t\t<div class=\"elementor-element elementor-element-5073ce90 elementor-widget elementor-widget-text-editor\" data-id=\"5073ce90\" data-element_type=\"widget\" data-e-type=\"widget\" data-widget_type=\"text-editor.default\">\n\t\t\t\t<div class=\"elementor-widget-container\">\n\t\t\t\t\t\t\t\t\tTransatl\u00e1ntica Desarrollos analyzes, plans, and manages sustainable urban projects, favoring strategically-located areas and developments with refined architecture and high building quality.\t\t\t\t\t\t\t\t<\/div>\n\t\t\t\t<\/div>\n\t\t\t\t<div class=\"elementor-element elementor-element-5f375748 elementor-widget elementor-widget-text-editor\" data-id=\"5f375748\" data-element_type=\"widget\" data-e-type=\"widget\" data-widget_type=\"text-editor.default\">\n\t\t\t\t<div class=\"elementor-widget-container\">\n\t\t\t\t\t\t\t\t\t<p><a href=\"http:\/\/www.distritopuertonorte.com\/\" target=\"_blank\" rel=\"noopener\"><strong>distritopuertonorte<\/strong>.com<\/a><\/p>\t\t\t\t\t\t\t\t<\/div>\n\t\t\t\t<\/div>\n\t\t\t\t\t<\/div>\n\t\t<\/div>\n\t\t\t\t<div class=\"elementor-column elementor-col-50 elementor-top-column elementor-element elementor-element-e9ba2c1\" data-id=\"e9ba2c1\" data-element_type=\"column\" data-e-type=\"column\">\n\t\t\t<div class=\"elementor-widget-wrap elementor-element-populated\">\n\t\t\t\t\t\t<div class=\"elementor-element elementor-element-3a295a88 elementor-widget elementor-widget-image\" data-id=\"3a295a88\" data-element_type=\"widget\" data-e-type=\"widget\" data-widget_type=\"image.default\">\n\t\t\t\t<div class=\"elementor-widget-container\">\n\t\t\t\t\t\t\t\t\t\t\t\t\t\t\t<img decoding=\"async\" width=\"223\" height=\"42\" src=\"https:\/\/spcdn.shortpixel.ai\/spio\/ret_img,q_cdnize,to_webp,s_webp\/grupotransatlantica.com\/wp-content\/uploads\/2020\/10\/tsa-desarrollos.png\" class=\"attachment-large size-large wp-image-485\" alt=\"\" title=\"\">\t\t\t\t\t\t\t\t\t\t\t\t\t\t\t<\/div>\n\t\t\t\t<\/div>\n\t\t\t\t<section class=\"elementor-section elementor-inner-section elementor-element elementor-element-40bc5b1b elementor-section-boxed elementor-section-height-default elementor-section-height-default\" data-id=\"40bc5b1b\" data-element_type=\"section\" data-e-type=\"section\">\n\t\t\t\t\t\t<div class=\"elementor-container elementor-column-gap-no\">\n\t\t\t\t\t<div class=\"elementor-column elementor-col-100 elementor-inner-column elementor-element elementor-element-13a7c738\" data-id=\"13a7c738\" data-element_type=\"column\" data-e-type=\"column\">\n\t\t\t<div class=\"elementor-widget-wrap elementor-element-populated\">\n\t\t\t\t\t\t<div class=\"elementor-element elementor-element-289f5c80 elementor-widget elementor-widget-text-editor\" data-id=\"289f5c80\" data-element_type=\"widget\" data-e-type=\"widget\" data-widget_type=\"text-editor.default\">\n\t\t\t\t<div class=\"elementor-widget-container\">\n\t\t\t\t\t\t\t\t\tROSARIO\t\t\t\t\t\t\t\t<\/div>\n\t\t\t\t<\/div>\n\t\t\t\t<div class=\"elementor-element elementor-element-791e1469 elementor-widget elementor-widget-text-editor\" data-id=\"791e1469\" data-element_type=\"widget\" data-e-type=\"widget\" data-widget_type=\"text-editor.default\">\n\t\t\t\t<div class=\"elementor-widget-container\">\n\t\t\t\t\t\t\t\t\t<p><strong>OFFICES<\/strong><br \/>V\u00e9lez Sarsfield y Thedy,<br \/>Rosario, Argentina<br \/>Tel: +54 341 528 3839<br \/><span style=\"color: var( --e-global-color-32b4239 );\">comercial@tsadesarrollos.com.ar<\/span><\/p><p>\u00a0<\/p>\t\t\t\t\t\t\t\t<\/div>\n\t\t\t\t<\/div>\n\t\t\t\t\t<\/div>\n\t\t<\/div>\n\t\t\t\t\t<\/div>\n\t\t<\/section>\n\t\t\t\t\t<\/div>\n\t\t<\/div>\n\t\t\t\t\t<\/div>\n\t\t<\/section>\n\t\t\t\t<section class=\"elementor-section elementor-top-section elementor-element elementor-element-5ec3bda1 elementor-section-boxed elementor-section-height-default elementor-section-height-default\" data-id=\"5ec3bda1\" data-element_type=\"section\" data-e-type=\"section\">\n\t\t\t\t\t\t<div class=\"elementor-container elementor-column-gap-default\">\n\t\t\t\t\t<div class=\"elementor-column elementor-col-100 elementor-top-column elementor-element elementor-element-313ea5ab\" data-id=\"313ea5ab\" data-element_type=\"column\" data-e-type=\"column\">\n\t\t\t<div class=\"elementor-widget-wrap elementor-element-populated\">\n\t\t\t\t\t\t<div class=\"elementor-element elementor-element-59caf8f9 elementor-widget-divider--view-line elementor-widget elementor-widget-divider\" data-id=\"59caf8f9\" data-element_type=\"widget\" data-e-type=\"widget\" data-widget_type=\"divider.default\">\n\t\t\t\t<div class=\"elementor-widget-container\">\n\t\t\t\t\t\t\t<div class=\"elementor-divider\">\n\t\t\t<span class=\"elementor-divider-separator\">\n\t\t\t\t\t\t<\/span>\n\t\t<\/div>\n\t\t\t\t\t\t<\/div>\n\t\t\t\t<\/div>\n\t\t\t\t<div class=\"elementor-element elementor-element-1e7597f3 elementor-widget elementor-widget-heading\" data-id=\"1e7597f3\" data-element_type=\"widget\" data-e-type=\"widget\" data-widget_type=\"heading.default\">\n\t\t\t\t<div class=\"elementor-widget-container\">\n\t\t\t\t\t<h2 class=\"elementor-heading-title elementor-size-default\">URBAN DEVELOPMENT<\/h2>\t\t\t\t<\/div>\n\t\t\t\t<\/div>\n\t\t\t\t<section class=\"elementor-section elementor-inner-section elementor-element elementor-element-9380985 elementor-section-content-middle elementor-section-boxed elementor-section-height-default elementor-section-height-default\" data-id=\"9380985\" data-element_type=\"section\" data-e-type=\"section\">\n\t\t\t\t\t\t<div class=\"elementor-container elementor-column-gap-wider\">\n\t\t\t\t\t<div class=\"elementor-column elementor-col-50 elementor-inner-column elementor-element elementor-element-6d45c8d\" data-id=\"6d45c8d\" data-element_type=\"column\" data-e-type=\"column\">\n\t\t\t<div class=\"elementor-widget-wrap elementor-element-populated\">\n\t\t\t\t\t\t<div class=\"elementor-element elementor-element-922e8ad elementor-widget elementor-widget-image\" data-id=\"922e8ad\" data-element_type=\"widget\" data-e-type=\"widget\" data-widget_type=\"image.default\">\n\t\t\t\t<div class=\"elementor-widget-container\">\n\t\t\t\t\t\t\t\t\t\t\t\t\t\t\t<img decoding=\"async\" width=\"223\" height=\"42\" src=\"https:\/\/spcdn.shortpixel.ai\/spio\/ret_img,q_cdnize,to_webp,s_webp\/grupotransatlantica.com\/wp-content\/uploads\/2020\/10\/tsa-desarrollos.png\" class=\"attachment-large size-large wp-image-485\" alt=\"\" title=\"\">\t\t\t\t\t\t\t\t\t\t\t\t\t\t\t<\/div>\n\t\t\t\t<\/div>\n\t\t\t\t\t<\/div>\n\t\t<\/div>\n\t\t\t\t<div class=\"elementor-column elementor-col-50 elementor-inner-column elementor-element elementor-element-83b2d7a\" data-id=\"83b2d7a\" data-element_type=\"column\" data-e-type=\"column\">\n\t\t\t<div class=\"elementor-widget-wrap elementor-element-populated\">\n\t\t\t\t\t\t<div class=\"elementor-element elementor-element-eb28576 elementor-widget elementor-widget-image\" data-id=\"eb28576\" data-element_type=\"widget\" data-e-type=\"widget\" data-widget_type=\"image.default\">\n\t\t\t\t<div class=\"elementor-widget-container\">\n\t\t\t\t\t\t\t\t\t\t\t\t\t\t\t\t<a href=\"https:\/\/grupotransatlantica.com\/en\/distrito-puerto-norte-2\/\">\n\t\t\t\t\t\t\t<img loading=\"lazy\" decoding=\"async\" width=\"87\" height=\"89\" src=\"https:\/\/spcdn.shortpixel.ai\/spio\/ret_img,q_cdnize,to_webp,s_webp\/grupotransatlantica.com\/wp-content\/uploads\/2020\/10\/DPN.png\" class=\"attachment-large size-large wp-image-487\" alt=\"\" title=\"\">\t\t\t\t\t\t\t\t<\/a>\n\t\t\t\t\t\t\t\t\t\t\t\t\t\t\t<\/div>\n\t\t\t\t<\/div>\n\t\t\t\t\t<\/div>\n\t\t<\/div>\n\t\t\t\t\t<\/div>\n\t\t<\/section>\n\t\t\t\t\t<\/div>\n\t\t<\/div>\n\t\t\t\t\t<\/div>\n\t\t<\/section>\n\t\t\t\t<\/div>","protected":false},"excerpt":{"rendered":"<p>Transatl\u00e1ntica Desarrollos eval\u00faa, planifica y administra proyectos urban\u00edsticos sustentables, privilegiando la elecci\u00f3n en zonas con ubicaci\u00f3n estrat\u00e9gica, orientados a desarrollos que se distingan por su arquitectura y calidad constructiva. distritopuertonorte.com ROSARIO OFICINA COMERCIALV\u00e9lez Sarsfield y Thedy,Rosario, ArgentinaTel: +54 341 528 3839comercial@tsadesarrollos.com.ar \u00a0 desarrollos urbanos<\/p>","protected":false},"author":3,"featured_media":0,"parent":0,"menu_order":0,"comment_status":"closed","ping_status":"closed","template":"","meta":{"footnotes":"","_links_to":"","_links_to_target":""},"class_list":["post-476","page","type-page","status-publish","hentry"],"_links":{"self":[{"href":"https:\/\/grupotransatlantica.com\/en\/wp-json\/wp\/v2\/pages\/476","targetHints":{"allow":["GET"]}}],"collection":[{"href":"https:\/\/grupotransatlantica.com\/en\/wp-json\/wp\/v2\/pages"}],"about":[{"href":"https:\/\/grupotransatlantica.com\/en\/wp-json\/wp\/v2\/types\/page"}],"author":[{"embeddable":true,"href":"https:\/\/grupotransatlantica.com\/en\/wp-json\/wp\/v2\/users\/3"}],"replies":[{"embeddable":true,"href":"https:\/\/grupotransatlantica.com\/en\/wp-json\/wp\/v2\/comments?post=476"}],"version-history":[{"count":3,"href":"https:\/\/grupotransatlantica.com\/en\/wp-json\/wp\/v2\/pages\/476\/revisions"}],"predecessor-version":[{"id":52698,"href":"https:\/\/grupotransatlantica.com\/en\/wp-json\/wp\/v2\/pages\/476\/revisions\/52698"}],"wp:attachment":[{"href":"https:\/\/grupotransatlantica.com\/en\/wp-json\/wp\/v2\/media?parent=476"}],"curies":[{"name":"wp","href":"https:\/\/api.w.org\/{rel}","templated":true}]}}