{"id":347,"date":"2020-10-05T19:48:20","date_gmt":"2020-10-05T19:48:20","guid":{"rendered":"https:\/\/grupotransatlantica.com\/?page_id=347"},"modified":"2025-07-24T14:52:32","modified_gmt":"2025-07-24T17:52:32","slug":"reba-compania-financiera-s-a","status":"publish","type":"page","link":"https:\/\/grupotransatlantica.com\/en\/reba-compania-financiera-s-a\/","title":{"rendered":"Reba Compa\u00f1\u00eda Financiera S.A."},"content":{"rendered":"<div data-elementor-type=\"wp-page\" data-elementor-id=\"347\" class=\"elementor elementor-347\" data-elementor-post-type=\"page\">\n\t\t\t\t\t\t<section class=\"elementor-section elementor-top-section elementor-element elementor-element-5e56c775 elementor-section-height-min-height elementor-section-full_width elementor-section-height-default elementor-section-items-middle\" data-id=\"5e56c775\" data-element_type=\"section\" data-e-type=\"section\" data-settings=\"{&quot;background_background&quot;:&quot;classic&quot;}\">\n\t\t\t\t\t\t\t<div class=\"elementor-background-overlay\"><\/div>\n\t\t\t\t\t\t\t<div class=\"elementor-container elementor-column-gap-no\">\n\t\t\t\t\t<div class=\"elementor-column elementor-col-100 elementor-top-column elementor-element elementor-element-41b5ba44\" data-id=\"41b5ba44\" data-element_type=\"column\" data-e-type=\"column\">\n\t\t\t<div class=\"elementor-widget-wrap elementor-element-populated\">\n\t\t\t\t\t\t<div class=\"elementor-element elementor-element-2ff745a6 elementor-absolute elementor-widget elementor-widget-image\" data-id=\"2ff745a6\" data-element_type=\"widget\" data-e-type=\"widget\" data-settings=\"{&quot;_position&quot;:&quot;absolute&quot;}\" data-widget_type=\"image.default\">\n\t\t\t\t<div class=\"elementor-widget-container\">\n\t\t\t\t\t\t\t\t\t\t\t\t\t\t\t<img fetchpriority=\"high\" decoding=\"async\" width=\"1480\" height=\"1042\" src=\"https:\/\/grupotransatlantica.com\/wp-content\/uploads\/2020\/09\/elemtos_banner.png\" class=\"attachment-full size-full wp-image-27\" alt=\"\" srcset=\"https:\/\/grupotransatlantica.com\/wp-content\/uploads\/2020\/09\/elemtos_banner.png 1480w, https:\/\/grupotransatlantica.com\/wp-content\/uploads\/2020\/09\/elemtos_banner-300x211.png 300w, https:\/\/grupotransatlantica.com\/wp-content\/uploads\/2020\/09\/elemtos_banner-1024x721.png 1024w, https:\/\/grupotransatlantica.com\/wp-content\/uploads\/2020\/09\/elemtos_banner-768x541.png 768w\" sizes=\"(max-width: 1480px) 100vw, 1480px\" title=\"\">\t\t\t\t\t\t\t\t\t\t\t\t\t\t\t<\/div>\n\t\t\t\t<\/div>\n\t\t\t\t\t<\/div>\n\t\t<\/div>\n\t\t\t\t\t<\/div>\n\t\t<\/section>\n\t\t\t\t<section class=\"elementor-section elementor-top-section elementor-element elementor-element-7a3a0cf3 elementor-section-boxed elementor-section-height-default elementor-section-height-default\" data-id=\"7a3a0cf3\" data-element_type=\"section\" data-e-type=\"section\">\n\t\t\t\t\t\t<div class=\"elementor-container elementor-column-gap-default\">\n\t\t\t\t\t<div class=\"elementor-column elementor-col-100 elementor-top-column elementor-element elementor-element-3087f64e\" data-id=\"3087f64e\" data-element_type=\"column\" data-e-type=\"column\">\n\t\t\t<div class=\"elementor-widget-wrap elementor-element-populated\">\n\t\t\t\t\t\t<div class=\"elementor-element elementor-element-1da46884 elementor-widget elementor-widget-image\" data-id=\"1da46884\" data-element_type=\"widget\" data-e-type=\"widget\" data-widget_type=\"image.default\">\n\t\t\t\t<div class=\"elementor-widget-container\">\n\t\t\t\t\t\t\t\t\t\t\t\t\t\t\t<img decoding=\"async\" width=\"1534\" height=\"620\" src=\"https:\/\/grupotransatlantica.com\/wp-content\/uploads\/2020\/09\/contacto.jpg\" class=\"attachment-full size-full wp-image-230\" alt=\"\" srcset=\"https:\/\/grupotransatlantica.com\/wp-content\/uploads\/2020\/09\/contacto.jpg 1534w, https:\/\/grupotransatlantica.com\/wp-content\/uploads\/2020\/09\/contacto-300x121.jpg 300w, https:\/\/grupotransatlantica.com\/wp-content\/uploads\/2020\/09\/contacto-1024x414.jpg 1024w, https:\/\/grupotransatlantica.com\/wp-content\/uploads\/2020\/09\/contacto-768x310.jpg 768w\" sizes=\"(max-width: 1534px) 100vw, 1534px\" title=\"\">\t\t\t\t\t\t\t\t\t\t\t\t\t\t\t<\/div>\n\t\t\t\t<\/div>\n\t\t\t\t\t<\/div>\n\t\t<\/div>\n\t\t\t\t\t<\/div>\n\t\t<\/section>\n\t\t\t\t<section class=\"elementor-section elementor-top-section elementor-element elementor-element-4b4295aa elementor-section-boxed elementor-section-height-default elementor-section-height-default\" data-id=\"4b4295aa\" data-element_type=\"section\" data-e-type=\"section\">\n\t\t\t\t\t\t<div class=\"elementor-container elementor-column-gap-no\">\n\t\t\t\t\t<div class=\"elementor-column elementor-col-50 elementor-top-column elementor-element elementor-element-6c4ea6cb\" data-id=\"6c4ea6cb\" data-element_type=\"column\" data-e-type=\"column\">\n\t\t\t<div class=\"elementor-widget-wrap elementor-element-populated\">\n\t\t\t\t\t\t<div class=\"elementor-element elementor-element-77f6e76c elementor-widget elementor-widget-heading\" data-id=\"77f6e76c\" data-element_type=\"widget\" data-e-type=\"widget\" data-widget_type=\"heading.default\">\n\t\t\t\t<div class=\"elementor-widget-container\">\n\t\t\t\t\t<h2 class=\"elementor-heading-title elementor-size-default\">Reba Compa\u00f1\u00eda Financiera S.A.<\/h2>\t\t\t\t<\/div>\n\t\t\t\t<\/div>\n\t\t\t\t<div class=\"elementor-element elementor-element-61f3bde2 elementor-widget elementor-widget-text-editor\" data-id=\"61f3bde2\" data-element_type=\"widget\" data-e-type=\"widget\" data-widget_type=\"text-editor.default\">\n\t\t\t\t<div class=\"elementor-widget-container\">\n\t\t\t\t\t\t\t\t\t<p>Reba Compa\u00f1\u00eda Financiera es una empresa del Grupo Transatl\u00e1ntica de capitales 100% argentinos. Est\u00e1 formada por profesionales con amplia experiencia en cada una de sus \u00e1reas de servicios. Con m\u00e1s de 22 a\u00f1os en el mercado financiero, brinda servicios de excelencia tanto a PYMES como a particulares, innovando permanentemente con nuevos productos aplicables en distintos sectores del mercado.<\/p>\t\t\t\t\t\t\t\t<\/div>\n\t\t\t\t<\/div>\n\t\t\t\t<div class=\"elementor-element elementor-element-20e132e1 elementor-widget elementor-widget-text-editor\" data-id=\"20e132e1\" data-element_type=\"widget\" data-e-type=\"widget\" data-widget_type=\"text-editor.default\">\n\t\t\t\t<div class=\"elementor-widget-container\">\n\t\t\t\t\t\t\t\t\t<p>atencionalcliente@tsaciafinanciera.com.ar<br><a href=\"http:\/\/www.tsaciafinanciera.com.ar\/\" target=\"_blank\" rel=\"noopener\"><strong>tsaciafinanciera<\/strong>.com.ar<\/a><\/p><p><br><\/p>\t\t\t\t\t\t\t\t<\/div>\n\t\t\t\t<\/div>\n\t\t\t\t\t<\/div>\n\t\t<\/div>\n\t\t\t\t<div class=\"elementor-column elementor-col-50 elementor-top-column elementor-element elementor-element-3c20fd10\" data-id=\"3c20fd10\" data-element_type=\"column\" data-e-type=\"column\">\n\t\t\t<div class=\"elementor-widget-wrap elementor-element-populated\">\n\t\t\t\t\t\t<div class=\"elementor-element elementor-element-3b83d7cf elementor-widget elementor-widget-image\" data-id=\"3b83d7cf\" data-element_type=\"widget\" data-e-type=\"widget\" data-widget_type=\"image.default\">\n\t\t\t\t<div class=\"elementor-widget-container\">\n\t\t\t\t\t\t\t\t\t\t\t\t\t\t\t<img decoding=\"async\" width=\"130\" height=\"43\" src=\"https:\/\/grupotransatlantica.com\/wp-content\/uploads\/2020\/10\/reba-logo-puuu8anap4femeakwktyknpjpn71w786esp71hlycu.png\" class=\"attachment-large size-large wp-image-611\" alt=\"\" srcset=\"https:\/\/grupotransatlantica.com\/wp-content\/uploads\/2020\/10\/reba-logo-puuu8anap4femeakwktyknpjpn71w786esp71hlycu.png 130w, https:\/\/grupotransatlantica.com\/wp-content\/uploads\/2020\/10\/reba-logo-puuu8anap4femeakwktyknpjpn71w786esp71hlycu-18x6.png 18w\" sizes=\"(max-width: 130px) 100vw, 130px\" title=\"\">\t\t\t\t\t\t\t\t\t\t\t\t\t\t\t<\/div>\n\t\t\t\t<\/div>\n\t\t\t\t<section class=\"elementor-section elementor-inner-section elementor-element elementor-element-2e03f8d elementor-section-boxed elementor-section-height-default elementor-section-height-default\" data-id=\"2e03f8d\" data-element_type=\"section\" data-e-type=\"section\">\n\t\t\t\t\t\t<div class=\"elementor-container elementor-column-gap-no\">\n\t\t\t\t\t<div class=\"elementor-column elementor-col-100 elementor-inner-column elementor-element elementor-element-4cd0eea4\" data-id=\"4cd0eea4\" data-element_type=\"column\" data-e-type=\"column\">\n\t\t\t<div class=\"elementor-widget-wrap elementor-element-populated\">\n\t\t\t\t\t\t<div class=\"elementor-element elementor-element-53118c39 elementor-widget elementor-widget-text-editor\" data-id=\"53118c39\" data-element_type=\"widget\" data-e-type=\"widget\" data-widget_type=\"text-editor.default\">\n\t\t\t\t<div class=\"elementor-widget-container\">\n\t\t\t\t\t\t\t\t\tC.A.B.A\t\t\t\t\t\t\t\t<\/div>\n\t\t\t\t<\/div>\n\t\t\t\t<div class=\"elementor-element elementor-element-23436996 elementor-widget elementor-widget-text-editor\" data-id=\"23436996\" data-element_type=\"widget\" data-e-type=\"widget\" data-widget_type=\"text-editor.default\">\n\t\t\t\t<div class=\"elementor-widget-container\">\n\t\t\t\t\t\t\t\t\t<p>Maipu 272<br \/>Tel: +54 (011) 5217 2900<\/p>\t\t\t\t\t\t\t\t<\/div>\n\t\t\t\t<\/div>\n\t\t\t\t\t<\/div>\n\t\t<\/div>\n\t\t\t\t\t<\/div>\n\t\t<\/section>\n\t\t\t\t<section class=\"elementor-section elementor-inner-section elementor-element elementor-element-67c5594e elementor-section-boxed elementor-section-height-default elementor-section-height-default\" data-id=\"67c5594e\" data-element_type=\"section\" data-e-type=\"section\">\n\t\t\t\t\t\t<div class=\"elementor-container elementor-column-gap-no\">\n\t\t\t\t\t<div class=\"elementor-column elementor-col-100 elementor-inner-column elementor-element elementor-element-65a8243f\" data-id=\"65a8243f\" data-element_type=\"column\" data-e-type=\"column\">\n\t\t\t<div class=\"elementor-widget-wrap elementor-element-populated\">\n\t\t\t\t\t\t<div class=\"elementor-element elementor-element-214d6d94 elementor-widget elementor-widget-text-editor\" data-id=\"214d6d94\" data-element_type=\"widget\" data-e-type=\"widget\" data-widget_type=\"text-editor.default\">\n\t\t\t\t<div class=\"elementor-widget-container\">\n\t\t\t\t\t\t\t\t\tROSARIO\t\t\t\t\t\t\t\t<\/div>\n\t\t\t\t<\/div>\n\t\t\t\t<div class=\"elementor-element elementor-element-d0e7dc7 elementor-widget elementor-widget-text-editor\" data-id=\"d0e7dc7\" data-element_type=\"widget\" data-e-type=\"widget\" data-widget_type=\"text-editor.default\">\n\t\t\t\t<div class=\"elementor-widget-container\">\n\t\t\t\t\t\t\t\t\t<p>C\u00f3rdoba 1463<br \/>Tel: +54 (0341) 529 9310<\/p>\t\t\t\t\t\t\t\t<\/div>\n\t\t\t\t<\/div>\n\t\t\t\t\t<\/div>\n\t\t<\/div>\n\t\t\t\t\t<\/div>\n\t\t<\/section>\n\t\t\t\t<section class=\"elementor-section elementor-inner-section elementor-element elementor-element-2fd83923 elementor-section-boxed elementor-section-height-default elementor-section-height-default\" data-id=\"2fd83923\" data-element_type=\"section\" data-e-type=\"section\">\n\t\t\t\t\t\t<div class=\"elementor-container elementor-column-gap-no\">\n\t\t\t\t\t<div class=\"elementor-column elementor-col-100 elementor-inner-column elementor-element elementor-element-4c491aa\" data-id=\"4c491aa\" data-element_type=\"column\" data-e-type=\"column\">\n\t\t\t<div class=\"elementor-widget-wrap elementor-element-populated\">\n\t\t\t\t\t\t<div class=\"elementor-element elementor-element-6b912e79 elementor-widget elementor-widget-text-editor\" data-id=\"6b912e79\" data-element_type=\"widget\" data-e-type=\"widget\" data-widget_type=\"text-editor.default\">\n\t\t\t\t<div class=\"elementor-widget-container\">\n\t\t\t\t\t\t\t\t\tC\u00d3RDOBA\t\t\t\t\t\t\t\t<\/div>\n\t\t\t\t<\/div>\n\t\t\t\t<div class=\"elementor-element elementor-element-1c0b77db elementor-widget elementor-widget-text-editor\" data-id=\"1c0b77db\" data-element_type=\"widget\" data-e-type=\"widget\" data-widget_type=\"text-editor.default\">\n\t\t\t\t<div class=\"elementor-widget-container\">\n\t\t\t\t\t\t\t\t\t<p>25 de mayo 130<br>Tel: +54 (0351) 570 6710<br><\/p>\t\t\t\t\t\t\t\t<\/div>\n\t\t\t\t<\/div>\n\t\t\t\t\t<\/div>\n\t\t<\/div>\n\t\t\t\t\t<\/div>\n\t\t<\/section>\n\t\t\t\t\t<\/div>\n\t\t<\/div>\n\t\t\t\t\t<\/div>\n\t\t<\/section>\n\t\t\t\t<section class=\"elementor-section elementor-top-section elementor-element elementor-element-7830347c elementor-section-boxed elementor-section-height-default elementor-section-height-default\" data-id=\"7830347c\" data-element_type=\"section\" data-e-type=\"section\">\n\t\t\t\t\t\t<div class=\"elementor-container elementor-column-gap-default\">\n\t\t\t\t\t<div class=\"elementor-column elementor-col-100 elementor-top-column elementor-element elementor-element-94798b1\" data-id=\"94798b1\" data-element_type=\"column\" data-e-type=\"column\">\n\t\t\t<div class=\"elementor-widget-wrap elementor-element-populated\">\n\t\t\t\t\t\t<div class=\"elementor-element elementor-element-62e1a920 elementor-widget-divider--view-line elementor-widget elementor-widget-divider\" data-id=\"62e1a920\" data-element_type=\"widget\" data-e-type=\"widget\" data-widget_type=\"divider.default\">\n\t\t\t\t<div class=\"elementor-widget-container\">\n\t\t\t\t\t\t\t<div class=\"elementor-divider\">\n\t\t\t<span class=\"elementor-divider-separator\">\n\t\t\t\t\t\t<\/span>\n\t\t<\/div>\n\t\t\t\t\t\t<\/div>\n\t\t\t\t<\/div>\n\t\t\t\t<div class=\"elementor-element elementor-element-28ba214c elementor-widget elementor-widget-heading\" data-id=\"28ba214c\" data-element_type=\"widget\" data-e-type=\"widget\" data-widget_type=\"heading.default\">\n\t\t\t\t<div class=\"elementor-widget-container\">\n\t\t\t\t\t<h2 class=\"elementor-heading-title elementor-size-default\">FINANCIAL SERVICES<\/h2>\t\t\t\t<\/div>\n\t\t\t\t<\/div>\n\t\t\t\t<section class=\"elementor-section elementor-inner-section elementor-element elementor-element-218c76c elementor-section-content-middle elementor-section-boxed elementor-section-height-default elementor-section-height-default\" data-id=\"218c76c\" data-element_type=\"section\" data-e-type=\"section\">\n\t\t\t\t\t\t<div class=\"elementor-container elementor-column-gap-wider\">\n\t\t\t\t\t<div class=\"elementor-column elementor-col-25 elementor-inner-column elementor-element elementor-element-e6dee23\" data-id=\"e6dee23\" data-element_type=\"column\" data-e-type=\"column\">\n\t\t\t<div class=\"elementor-widget-wrap elementor-element-populated\">\n\t\t\t\t\t\t<div class=\"elementor-element elementor-element-5506d92 elementor-widget elementor-widget-image\" data-id=\"5506d92\" data-element_type=\"widget\" data-e-type=\"widget\" data-widget_type=\"image.default\">\n\t\t\t\t<div class=\"elementor-widget-container\">\n\t\t\t\t\t\t\t\t\t\t\t\t\t\t\t\t<a href=\"https:\/\/grupotransatlantica.com\/en\/transatlantica-compania-financiera-2\/\">\n\t\t\t\t\t\t\t<img loading=\"lazy\" decoding=\"async\" width=\"223\" height=\"45\" src=\"https:\/\/spcdn.shortpixel.ai\/spio\/ret_img,q_cdnize,to_webp,s_webp\/grupotransatlantica.com\/wp-content\/uploads\/2020\/10\/compania-financiera.png\" class=\"attachment-large size-large wp-image-358\" alt=\"\" title=\"\">\t\t\t\t\t\t\t\t<\/a>\n\t\t\t\t\t\t\t\t\t\t\t\t\t\t\t<\/div>\n\t\t\t\t<\/div>\n\t\t\t\t\t<\/div>\n\t\t<\/div>\n\t\t\t\t<div class=\"elementor-column elementor-col-25 elementor-inner-column elementor-element elementor-element-4241dfe\" data-id=\"4241dfe\" data-element_type=\"column\" data-e-type=\"column\">\n\t\t\t<div class=\"elementor-widget-wrap elementor-element-populated\">\n\t\t\t\t\t\t<div class=\"elementor-element elementor-element-642bb8e elementor-widget elementor-widget-image\" data-id=\"642bb8e\" data-element_type=\"widget\" data-e-type=\"widget\" data-widget_type=\"image.default\">\n\t\t\t\t<div class=\"elementor-widget-container\">\n\t\t\t\t\t\t\t\t\t\t\t\t\t\t\t\t<a href=\"https:\/\/grupotransatlantica.com\/en\/reba\/\">\n\t\t\t\t\t\t\t<img loading=\"lazy\" decoding=\"async\" width=\"186\" height=\"53\" src=\"https:\/\/spcdn.shortpixel.ai\/spio\/ret_img,q_cdnize,to_webp,s_webp\/grupotransatlantica.com\/wp-content\/uploads\/2020\/10\/reba.png\" class=\"attachment-large size-large wp-image-391\" alt=\"\" title=\"\">\t\t\t\t\t\t\t\t<\/a>\n\t\t\t\t\t\t\t\t\t\t\t\t\t\t\t<\/div>\n\t\t\t\t<\/div>\n\t\t\t\t\t<\/div>\n\t\t<\/div>\n\t\t\t\t<div class=\"elementor-column elementor-col-25 elementor-inner-column elementor-element elementor-element-cc08c1d\" data-id=\"cc08c1d\" data-element_type=\"column\" data-e-type=\"column\">\n\t\t\t<div class=\"elementor-widget-wrap elementor-element-populated\">\n\t\t\t\t\t\t<div class=\"elementor-element elementor-element-1b99b16 elementor-widget elementor-widget-image\" data-id=\"1b99b16\" data-element_type=\"widget\" data-e-type=\"widget\" data-widget_type=\"image.default\">\n\t\t\t\t<div class=\"elementor-widget-container\">\n\t\t\t\t\t\t\t\t\t\t\t\t\t\t\t\t<a href=\"https:\/\/grupotransatlantica.com\/en\/tsa-bursatil\/\">\n\t\t\t\t\t\t\t<img loading=\"lazy\" decoding=\"async\" width=\"243\" height=\"56\" src=\"https:\/\/grupotransatlantica.com\/wp-content\/uploads\/2020\/10\/TSA-Bursatil-3.png\" class=\"attachment-large size-large wp-image-429\" alt=\"\" srcset=\"https:\/\/grupotransatlantica.com\/wp-content\/uploads\/2020\/10\/TSA-Bursatil-3.png 243w, https:\/\/grupotransatlantica.com\/wp-content\/uploads\/2020\/10\/TSA-Bursatil-3-18x4.png 18w\" sizes=\"(max-width: 243px) 100vw, 243px\" title=\"\">\t\t\t\t\t\t\t\t<\/a>\n\t\t\t\t\t\t\t\t\t\t\t\t\t\t\t<\/div>\n\t\t\t\t<\/div>\n\t\t\t\t\t<\/div>\n\t\t<\/div>\n\t\t\t\t<div class=\"elementor-column elementor-col-25 elementor-inner-column elementor-element elementor-element-010a9ba\" data-id=\"010a9ba\" data-element_type=\"column\" data-e-type=\"column\">\n\t\t\t<div class=\"elementor-widget-wrap elementor-element-populated\">\n\t\t\t\t\t\t<div class=\"elementor-element elementor-element-406a88b elementor-widget elementor-widget-image\" data-id=\"406a88b\" data-element_type=\"widget\" data-e-type=\"widget\" data-widget_type=\"image.default\">\n\t\t\t\t<div class=\"elementor-widget-container\">\n\t\t\t\t\t\t\t\t\t\t\t\t\t\t\t\t<a href=\"https:\/\/grupotransatlantica.com\/en\/tsa-cambio\/\">\n\t\t\t\t\t\t\t<img loading=\"lazy\" decoding=\"async\" width=\"243\" height=\"56\" src=\"https:\/\/grupotransatlantica.com\/wp-content\/uploads\/2020\/10\/T_logo-AZUL_01.png\" class=\"attachment-large size-large wp-image-431\" alt=\"\" srcset=\"https:\/\/grupotransatlantica.com\/wp-content\/uploads\/2020\/10\/T_logo-AZUL_01.png 243w, https:\/\/grupotransatlantica.com\/wp-content\/uploads\/2020\/10\/T_logo-AZUL_01-18x4.png 18w\" sizes=\"(max-width: 243px) 100vw, 243px\" title=\"\">\t\t\t\t\t\t\t\t<\/a>\n\t\t\t\t\t\t\t\t\t\t\t\t\t\t\t<\/div>\n\t\t\t\t<\/div>\n\t\t\t\t\t<\/div>\n\t\t<\/div>\n\t\t\t\t\t<\/div>\n\t\t<\/section>\n\t\t\t\t\t<\/div>\n\t\t<\/div>\n\t\t\t\t\t<\/div>\n\t\t<\/section>\n\t\t\t\t<\/div>","protected":false},"excerpt":{"rendered":"<p>Reba Compa\u00f1\u00eda Financiera S.A. Reba Compa\u00f1\u00eda Financiera es una empresa del Grupo Transatl\u00e1ntica de capitales 100% argentinos. Est\u00e1 formada por profesionales con amplia experiencia en cada una de sus \u00e1reas de servicios. Con m\u00e1s de 22 a\u00f1os en el mercado financiero, brinda servicios de excelencia tanto a PYMES como a particulares, innovando permanentemente con nuevos [&hellip;]<\/p>\n","protected":false},"author":3,"featured_media":0,"parent":0,"menu_order":0,"comment_status":"closed","ping_status":"closed","template":"","meta":{"footnotes":"","_links_to":"","_links_to_target":""},"class_list":["post-347","page","type-page","status-publish","hentry"],"_links":{"self":[{"href":"https:\/\/grupotransatlantica.com\/en\/wp-json\/wp\/v2\/pages\/347","targetHints":{"allow":["GET"]}}],"collection":[{"href":"https:\/\/grupotransatlantica.com\/en\/wp-json\/wp\/v2\/pages"}],"about":[{"href":"https:\/\/grupotransatlantica.com\/en\/wp-json\/wp\/v2\/types\/page"}],"author":[{"embeddable":true,"href":"https:\/\/grupotransatlantica.com\/en\/wp-json\/wp\/v2\/users\/3"}],"replies":[{"embeddable":true,"href":"https:\/\/grupotransatlantica.com\/en\/wp-json\/wp\/v2\/comments?post=347"}],"version-history":[{"count":3,"href":"https:\/\/grupotransatlantica.com\/en\/wp-json\/wp\/v2\/pages\/347\/revisions"}],"predecessor-version":[{"id":5233,"href":"https:\/\/grupotransatlantica.com\/en\/wp-json\/wp\/v2\/pages\/347\/revisions\/5233"}],"wp:attachment":[{"href":"https:\/\/grupotransatlantica.com\/en\/wp-json\/wp\/v2\/media?parent=347"}],"curies":[{"name":"wp","href":"https:\/\/api.w.org\/{rel}","templated":true}]}}