{"id":132,"date":"2020-09-28T20:16:06","date_gmt":"2020-09-28T20:16:06","guid":{"rendered":"https:\/\/grupotransatlantica.com\/?page_id=132"},"modified":"2025-07-24T14:42:38","modified_gmt":"2025-07-24T17:42:38","slug":"contacto","status":"publish","type":"page","link":"https:\/\/grupotransatlantica.com\/en\/contacto\/","title":{"rendered":"Contact"},"content":{"rendered":"\t\t<div data-elementor-type=\"wp-page\" data-elementor-id=\"132\" class=\"elementor elementor-132\" data-elementor-post-type=\"page\">\n\t\t\t\t\t\t<section class=\"elementor-section elementor-top-section elementor-element elementor-element-dd08d65 elementor-section-full_width elementor-section-height-default elementor-section-height-default\" data-id=\"dd08d65\" data-element_type=\"section\" data-e-type=\"section\" data-settings=\"{&quot;background_background&quot;:&quot;classic&quot;}\">\n\t\t\t\t\t\t<div class=\"elementor-container elementor-column-gap-no\">\n\t\t\t\t\t<div class=\"elementor-column elementor-col-100 elementor-top-column elementor-element elementor-element-a79edc8\" data-id=\"a79edc8\" data-element_type=\"column\" data-e-type=\"column\">\n\t\t\t<div class=\"elementor-widget-wrap elementor-element-populated\">\n\t\t\t\t\t\t<section class=\"elementor-section elementor-inner-section elementor-element elementor-element-a94169a elementor-section-boxed elementor-section-height-default elementor-section-height-default\" data-id=\"a94169a\" data-element_type=\"section\" data-e-type=\"section\">\n\t\t\t\t\t\t<div class=\"elementor-container elementor-column-gap-no\">\n\t\t\t\t\t<div class=\"elementor-column elementor-col-100 elementor-inner-column elementor-element elementor-element-4af1bc8\" data-id=\"4af1bc8\" data-element_type=\"column\" data-e-type=\"column\">\n\t\t\t<div class=\"elementor-widget-wrap elementor-element-populated\">\n\t\t\t\t\t\t<div class=\"elementor-element elementor-element-82e0fac elementor-widget elementor-widget-image\" data-id=\"82e0fac\" data-element_type=\"widget\" data-e-type=\"widget\" data-widget_type=\"image.default\">\n\t\t\t\t<div class=\"elementor-widget-container\">\n\t\t\t\t\t\t\t\t\t\t\t\t\t\t\t<img fetchpriority=\"high\" decoding=\"async\" width=\"1534\" height=\"620\" src=\"https:\/\/grupotransatlantica.com\/wp-content\/uploads\/2020\/10\/contacto.jpg\" class=\"attachment-full size-full wp-image-527\" alt=\"\" srcset=\"https:\/\/grupotransatlantica.com\/wp-content\/uploads\/2020\/10\/contacto.jpg 1534w, https:\/\/grupotransatlantica.com\/wp-content\/uploads\/2020\/10\/contacto-300x121.jpg 300w, https:\/\/grupotransatlantica.com\/wp-content\/uploads\/2020\/10\/contacto-1024x414.jpg 1024w, https:\/\/grupotransatlantica.com\/wp-content\/uploads\/2020\/10\/contacto-768x310.jpg 768w\" sizes=\"(max-width: 1534px) 100vw, 1534px\" title=\"\">\t\t\t\t\t\t\t\t\t\t\t\t\t\t\t<\/div>\n\t\t\t\t<\/div>\n\t\t\t\t\t<\/div>\n\t\t<\/div>\n\t\t\t\t\t<\/div>\n\t\t<\/section>\n\t\t\t\t<div class=\"elementor-element elementor-element-6e3cb54 elementor-absolute elementor-widget elementor-widget-image\" data-id=\"6e3cb54\" data-element_type=\"widget\" data-e-type=\"widget\" data-settings=\"{&quot;_position&quot;:&quot;absolute&quot;}\" data-widget_type=\"image.default\">\n\t\t\t\t<div class=\"elementor-widget-container\">\n\t\t\t\t\t\t\t\t\t\t\t\t\t\t\t<img decoding=\"async\" width=\"1480\" height=\"1042\" src=\"https:\/\/grupotransatlantica.com\/wp-content\/uploads\/2020\/09\/elemtos_banner.png\" class=\"attachment-full size-full wp-image-27\" alt=\"\" srcset=\"https:\/\/grupotransatlantica.com\/wp-content\/uploads\/2020\/09\/elemtos_banner.png 1480w, https:\/\/grupotransatlantica.com\/wp-content\/uploads\/2020\/09\/elemtos_banner-300x211.png 300w, https:\/\/grupotransatlantica.com\/wp-content\/uploads\/2020\/09\/elemtos_banner-1024x721.png 1024w, https:\/\/grupotransatlantica.com\/wp-content\/uploads\/2020\/09\/elemtos_banner-768x541.png 768w\" sizes=\"(max-width: 1480px) 100vw, 1480px\" title=\"\">\t\t\t\t\t\t\t\t\t\t\t\t\t\t\t<\/div>\n\t\t\t\t<\/div>\n\t\t\t\t<div class=\"elementor-element elementor-element-ac3c988 elementor-absolute elementor-widget elementor-widget-image\" data-id=\"ac3c988\" data-element_type=\"widget\" data-e-type=\"widget\" data-settings=\"{&quot;_position&quot;:&quot;absolute&quot;}\" data-widget_type=\"image.default\">\n\t\t\t\t<div class=\"elementor-widget-container\">\n\t\t\t\t\t\t\t\t\t\t\t\t\t\t\t<img decoding=\"async\" width=\"575\" height=\"577\" src=\"https:\/\/grupotransatlantica.com\/wp-content\/uploads\/2020\/09\/circulo.png\" class=\"attachment-full size-full wp-image-16\" alt=\"\" srcset=\"https:\/\/grupotransatlantica.com\/wp-content\/uploads\/2020\/09\/circulo.png 575w, https:\/\/grupotransatlantica.com\/wp-content\/uploads\/2020\/09\/circulo-300x300.png 300w, https:\/\/grupotransatlantica.com\/wp-content\/uploads\/2020\/09\/circulo-150x150.png 150w\" sizes=\"(max-width: 575px) 100vw, 575px\" title=\"\">\t\t\t\t\t\t\t\t\t\t\t\t\t\t\t<\/div>\n\t\t\t\t<\/div>\n\t\t\t\t\t<\/div>\n\t\t<\/div>\n\t\t\t\t\t<\/div>\n\t\t<\/section>\n\t\t\t\t<section class=\"elementor-section elementor-top-section elementor-element elementor-element-575eb60 elementor-section-boxed elementor-section-height-default elementor-section-height-default\" data-id=\"575eb60\" data-element_type=\"section\" data-e-type=\"section\">\n\t\t\t\t\t\t<div class=\"elementor-container elementor-column-gap-default\">\n\t\t\t\t\t<div class=\"elementor-column elementor-col-50 elementor-top-column elementor-element elementor-element-ec2f819\" data-id=\"ec2f819\" data-element_type=\"column\" data-e-type=\"column\">\n\t\t\t<div class=\"elementor-widget-wrap elementor-element-populated\">\n\t\t\t\t\t\t<div class=\"elementor-element elementor-element-594d91c elementor-widget elementor-widget-heading\" data-id=\"594d91c\" data-element_type=\"widget\" data-e-type=\"widget\" data-widget_type=\"heading.default\">\n\t\t\t\t<div class=\"elementor-widget-container\">\n\t\t\t\t\t<h2 class=\"elementor-heading-title elementor-size-default\">contacto<\/h2>\t\t\t\t<\/div>\n\t\t\t\t<\/div>\n\t\t\t\t<div class=\"elementor-element elementor-element-3c2c491 elementor-widget elementor-widget-text-editor\" data-id=\"3c2c491\" data-element_type=\"widget\" data-e-type=\"widget\" data-widget_type=\"text-editor.default\">\n\t\t\t\t<div class=\"elementor-widget-container\">\n\t\t\t\t\t\t\t\t\t<p>Completar el formulario para enviarnos comentarios o consultas acerca de Grupo Transatl\u00e1nticas y sus empresas.<\/p><p><a href=\"tel:+543415283810\">+54 341\u00a0528 3810<\/a><\/p>\t\t\t\t\t\t\t\t<\/div>\n\t\t\t\t<\/div>\n\t\t\t\t<div class=\"elementor-element elementor-element-d298bff elementor-widget elementor-widget-text-editor\" data-id=\"d298bff\" data-element_type=\"widget\" data-e-type=\"widget\" data-widget_type=\"text-editor.default\">\n\t\t\t\t<div class=\"elementor-widget-container\">\n\t\t\t\t\t\t\t\t\tSolicit\u00e1 aqu\u00ed turno para atenci\u00f3n en\t\t\t\t\t\t\t\t<\/div>\n\t\t\t\t<\/div>\n\t\t\t\t<div class=\"elementor-element elementor-element-fb99c13 elementor-align-left elementor-widget elementor-widget-button\" data-id=\"fb99c13\" data-element_type=\"widget\" data-e-type=\"widget\" data-widget_type=\"button.default\">\n\t\t\t\t<div class=\"elementor-widget-container\">\n\t\t\t\t\t\t\t\t\t<div class=\"elementor-button-wrapper\">\n\t\t\t\t\t<a class=\"elementor-button elementor-button-link elementor-size-sm\" href=\"https:\/\/www.tsaciafinanciera.com.ar\/turnos\" target=\"_blank\" rel=\"noopener\">\n\t\t\t\t\t\t<span class=\"elementor-button-content-wrapper\">\n\t\t\t\t\t\t\t\t\t<span class=\"elementor-button-text\">Reba \u279d<\/span>\n\t\t\t\t\t<\/span>\n\t\t\t\t\t<\/a>\n\t\t\t\t<\/div>\n\t\t\t\t\t\t\t\t<\/div>\n\t\t\t\t<\/div>\n\t\t\t\t<div class=\"elementor-element elementor-element-0417c98 elementor-absolute elementor-widget elementor-widget-image\" data-id=\"0417c98\" data-element_type=\"widget\" data-e-type=\"widget\" data-settings=\"{&quot;_position&quot;:&quot;absolute&quot;}\" data-widget_type=\"image.default\">\n\t\t\t\t<div class=\"elementor-widget-container\">\n\t\t\t\t\t\t\t\t\t\t\t\t\t\t\t<img loading=\"lazy\" decoding=\"async\" width=\"226\" height=\"228\" src=\"https:\/\/grupotransatlantica.com\/wp-content\/uploads\/2020\/09\/circulo-1.png\" class=\"attachment-full size-full wp-image-65\" alt=\"\" srcset=\"https:\/\/grupotransatlantica.com\/wp-content\/uploads\/2020\/09\/circulo-1.png 226w, https:\/\/grupotransatlantica.com\/wp-content\/uploads\/2020\/09\/circulo-1-150x150.png 150w\" sizes=\"(max-width: 226px) 100vw, 226px\" title=\"\">\t\t\t\t\t\t\t\t\t\t\t\t\t\t\t<\/div>\n\t\t\t\t<\/div>\n\t\t\t\t\t<\/div>\n\t\t<\/div>\n\t\t\t\t<div class=\"elementor-column elementor-col-50 elementor-top-column elementor-element elementor-element-c49cd87\" data-id=\"c49cd87\" data-element_type=\"column\" data-e-type=\"column\">\n\t\t\t<div class=\"elementor-widget-wrap elementor-element-populated\">\n\t\t\t\t\t\t<div class=\"elementor-element elementor-element-5e065c1 elementor-button-align-stretch elementor-widget elementor-widget-form\" data-id=\"5e065c1\" data-element_type=\"widget\" data-e-type=\"widget\" data-settings=\"{&quot;step_next_label&quot;:&quot;Next&quot;,&quot;step_previous_label&quot;:&quot;Previous&quot;,&quot;button_width&quot;:&quot;100&quot;,&quot;step_type&quot;:&quot;number_text&quot;,&quot;step_icon_shape&quot;:&quot;circle&quot;}\" data-widget_type=\"form.default\">\n\t\t\t\t<div class=\"elementor-widget-container\">\n\t\t\t\t\t\t\t<form class=\"elementor-form\" method=\"post\" name=\"New Form\" aria-label=\"New Form\">\n\t\t\t<input type=\"hidden\" name=\"post_id\" value=\"132\"\/>\n\t\t\t<input type=\"hidden\" name=\"form_id\" value=\"5e065c1\"\/>\n\t\t\t<input type=\"hidden\" name=\"referer_title\" value=\"Contacto - Grupo Transatl\u00e1ntica\" \/>\n\n\t\t\t\t\t\t\t<input type=\"hidden\" name=\"queried_id\" value=\"132\"\/>\n\t\t\t\n\t\t\t<div class=\"elementor-form-fields-wrapper elementor-labels-above\">\n\t\t\t\t\t\t\t\t<div class=\"elementor-field-type-select elementor-field-group elementor-column elementor-field-group-name elementor-col-100 elementor-field-required\">\n\t\t\t\t\t\t\t\t\t\t\t\t<label for=\"form-field-name\" class=\"elementor-field-label\">\n\t\t\t\t\t\t\t\tEmpresa a contactar\t\t\t\t\t\t\t<\/label>\n\t\t\t\t\t\t\t\t<div class=\"elementor-field elementor-select-wrapper remove-before \">\n\t\t\t<div class=\"select-caret-down-wrapper\">\n\t\t\t\t<svg aria-hidden=\"true\" class=\"e-font-icon-svg e-eicon-caret-down\" viewBox=\"0 0 571.4 571.4\" xmlns=\"http:\/\/www.w3.org\/2000\/svg\"><path d=\"M571 393Q571 407 561 418L311 668Q300 679 286 679T261 668L11 418Q0 407 0 393T11 368 36 357H536Q550 357 561 368T571 393Z\"><\/path><\/svg>\t\t\t<\/div>\n\t\t\t<select name=\"form_fields[name]\" id=\"form-field-name\" class=\"elementor-field-textual elementor-size-xs\" required=\"required\">\n\t\t\t\t\t\t\t\t\t<option value=\".reba\">.reba<\/option>\n\t\t\t\t\t\t\t\t\t<option value=\"TSA Burs\u00e1til\">TSA Burs\u00e1til<\/option>\n\t\t\t\t\t\t\t\t\t<option value=\"TSA Cambio\">TSA Cambio<\/option>\n\t\t\t\t\t\t\t\t\t<option value=\"Puerto Norte Design Hotel\">Puerto Norte Design Hotel<\/option>\n\t\t\t\t\t\t\t\t\t<option value=\"Transatl\u00e1ntica Desarrollos\">Transatl\u00e1ntica Desarrollos<\/option>\n\t\t\t\t\t\t\t\t\t<option value=\"Distrito Puerto Norte\">Distrito Puerto Norte<\/option>\n\t\t\t\t\t\t\t\t\t<option value=\"Transatl\u00e1ntica Servicios\">Transatl\u00e1ntica Servicios<\/option>\n\t\t\t\t\t\t\t\t\t<option value=\"Edmondo de Amicis\">Edmondo de Amicis<\/option>\n\t\t\t\t\t\t\t<\/select>\n\t\t<\/div>\n\t\t\t\t\t\t<\/div>\n\t\t\t\t\t\t\t\t<div class=\"elementor-field-type-text elementor-field-group elementor-column elementor-field-group-field_2507d2b elementor-col-100 elementor-field-required\">\n\t\t\t\t\t\t\t\t\t\t\t\t<label for=\"form-field-field_2507d2b\" class=\"elementor-field-label\">\n\t\t\t\t\t\t\t\tNombre\t\t\t\t\t\t\t<\/label>\n\t\t\t\t\t\t\t\t\t\t\t\t\t\t<input size=\"1\" type=\"text\" name=\"form_fields[field_2507d2b]\" id=\"form-field-field_2507d2b\" class=\"elementor-field elementor-size-xs  elementor-field-textual\" required=\"required\">\n\t\t\t\t\t\t\t\t\t\t\t<\/div>\n\t\t\t\t\t\t\t\t<div class=\"elementor-field-type-text elementor-field-group elementor-column elementor-field-group-field_6392598 elementor-col-100 elementor-field-required\">\n\t\t\t\t\t\t\t\t\t\t\t\t<label for=\"form-field-field_6392598\" class=\"elementor-field-label\">\n\t\t\t\t\t\t\t\tApellido\t\t\t\t\t\t\t<\/label>\n\t\t\t\t\t\t\t\t\t\t\t\t\t\t<input size=\"1\" type=\"text\" name=\"form_fields[field_6392598]\" id=\"form-field-field_6392598\" class=\"elementor-field elementor-size-xs  elementor-field-textual\" required=\"required\">\n\t\t\t\t\t\t\t\t\t\t\t<\/div>\n\t\t\t\t\t\t\t\t<div class=\"elementor-field-type-email elementor-field-group elementor-column elementor-field-group-email elementor-col-100 elementor-field-required\">\n\t\t\t\t\t\t\t\t\t\t\t\t<label for=\"form-field-email\" class=\"elementor-field-label\">\n\t\t\t\t\t\t\t\tEmail\t\t\t\t\t\t\t<\/label>\n\t\t\t\t\t\t\t\t\t\t\t\t\t\t<input size=\"1\" type=\"email\" name=\"form_fields[email]\" id=\"form-field-email\" class=\"elementor-field elementor-size-xs  elementor-field-textual\" required=\"required\">\n\t\t\t\t\t\t\t\t\t\t\t<\/div>\n\t\t\t\t\t\t\t\t<div class=\"elementor-field-type-tel elementor-field-group elementor-column elementor-field-group-field_5f14d60 elementor-col-100\">\n\t\t\t\t\t\t\t\t\t\t\t\t<label for=\"form-field-field_5f14d60\" class=\"elementor-field-label\">\n\t\t\t\t\t\t\t\tTel\u00e9fono\t\t\t\t\t\t\t<\/label>\n\t\t\t\t\t\t\t\t<input size=\"1\" type=\"tel\" name=\"form_fields[field_5f14d60]\" id=\"form-field-field_5f14d60\" class=\"elementor-field elementor-size-xs  elementor-field-textual\" pattern=\"[0-9()#&amp;+*-=.]+\" title=\"S\u00f3lo n\u00fameros y caracteres de tel\u00e9fono son aceptados  (#,-,*,etc).\">\n\n\t\t\t\t\t\t<\/div>\n\t\t\t\t\t\t\t\t<div class=\"elementor-field-type-textarea elementor-field-group elementor-column elementor-field-group-message elementor-col-100 elementor-field-required\">\n\t\t\t\t\t\t\t\t\t\t\t\t<label for=\"form-field-message\" class=\"elementor-field-label\">\n\t\t\t\t\t\t\t\tComentario\t\t\t\t\t\t\t<\/label>\n\t\t\t\t\t\t<textarea class=\"elementor-field-textual elementor-field  elementor-size-xs\" name=\"form_fields[message]\" id=\"form-field-message\" rows=\"4\" required=\"required\"><\/textarea>\t\t\t\t<\/div>\n\t\t\t\t\t\t\t\t<div class=\"elementor-field-type-recaptcha_v3 elementor-field-group elementor-column elementor-field-group-field_b914944 elementor-col-100 recaptcha_v3-bottomleft\">\n\t\t\t\t\t<div class=\"elementor-field\" id=\"form-field-field_b914944\"><div class=\"elementor-g-recaptcha\" data-sitekey=\"6LdhOvEjAAAAAOnU2uWEpyMNSOKXbKpETatkl8kS\" data-type=\"v3\" data-action=\"Form\" data-badge=\"bottomleft\" data-size=\"invisible\"><\/div><\/div>\t\t\t\t<\/div>\n\t\t\t\t\t\t\t\t<div class=\"elementor-field-group elementor-column elementor-field-type-submit elementor-col-100 e-form__buttons\">\n\t\t\t\t\t<button class=\"elementor-button elementor-size-sm\" type=\"submit\">\n\t\t\t\t\t\t<span class=\"elementor-button-content-wrapper\">\n\t\t\t\t\t\t\t\t\t\t\t\t\t\t\t\t\t\t\t\t\t\t<span class=\"elementor-button-text\">Enviar consulta<\/span>\n\t\t\t\t\t\t\t\t\t\t\t\t\t<\/span>\n\t\t\t\t\t<\/button>\n\t\t\t\t<\/div>\n\t\t\t<\/div>\n\t\t<\/form>\n\t\t\t\t\t\t<\/div>\n\t\t\t\t<\/div>\n\t\t\t\t\t<\/div>\n\t\t<\/div>\n\t\t\t\t\t<\/div>\n\t\t<\/section>\n\t\t\t\t<\/div>\n\t\t","protected":false},"excerpt":{"rendered":"<p>contacto Completar el formulario para enviarnos comentarios o consultas acerca de Grupo Transatl\u00e1nticas y sus empresas. +54 341\u00a0528 3810 Solicit\u00e1 aqu\u00ed turno para atenci\u00f3n en Reba \u279d<\/p>","protected":false},"author":2,"featured_media":0,"parent":0,"menu_order":0,"comment_status":"closed","ping_status":"closed","template":"","meta":{"footnotes":"","_links_to":"","_links_to_target":""},"class_list":["post-132","page","type-page","status-publish","hentry"],"_links":{"self":[{"href":"https:\/\/grupotransatlantica.com\/en\/wp-json\/wp\/v2\/pages\/132","targetHints":{"allow":["GET"]}}],"collection":[{"href":"https:\/\/grupotransatlantica.com\/en\/wp-json\/wp\/v2\/pages"}],"about":[{"href":"https:\/\/grupotransatlantica.com\/en\/wp-json\/wp\/v2\/types\/page"}],"author":[{"embeddable":true,"href":"https:\/\/grupotransatlantica.com\/en\/wp-json\/wp\/v2\/users\/2"}],"replies":[{"embeddable":true,"href":"https:\/\/grupotransatlantica.com\/en\/wp-json\/wp\/v2\/comments?post=132"}],"version-history":[{"count":3,"href":"https:\/\/grupotransatlantica.com\/en\/wp-json\/wp\/v2\/pages\/132\/revisions"}],"predecessor-version":[{"id":5214,"href":"https:\/\/grupotransatlantica.com\/en\/wp-json\/wp\/v2\/pages\/132\/revisions\/5214"}],"wp:attachment":[{"href":"https:\/\/grupotransatlantica.com\/en\/wp-json\/wp\/v2\/media?parent=132"}],"curies":[{"name":"wp","href":"https:\/\/api.w.org\/{rel}","templated":true}]}}